{"id":45,"date":"2019-03-14T12:35:02","date_gmt":"2019-03-14T03:35:02","guid":{"rendered":"http:\/\/ogata.warpjapan.com\/paris\/?page_id=18"},"modified":"2022-11-20T20:53:25","modified_gmt":"2022-11-20T11:53:25","slug":"information","status":"publish","type":"page","link":"https:\/\/ogata.com\/paris\/information\/","title":{"rendered":"information"},"content":{"rendered":"<div class=\"ttl\">\n<h2><img decoding=\"async\" src=\"\/wp-content\/themes\/paris\/images\/logo_paris.svg\"><\/h2>\n<p>16 rue Debelleyme 75003 Paris<br \/>\n<!-- T\u00e9l\u00e9phone : 01 80 97 76 80\n--><br \/>\nHoraires d\u2019ouverture : 12h00 \u2013 23h00<\/p>\n<p>Contact : <a href=\"mailto:info@ogata.com\" target=\"_blank\" class=\"link_underline\" rel=\"noopener noreferrer\">info@ogata.com<\/a><\/p>\n<p>Acc\u00e8s : M\u00e9tro Filles du Calvaire (ligne 8)<br \/>\nM\u00e9tro Saint-Paul (ligne 1)<\/p>\n<p class=\"closeon\">Ferm\u00e9 le lundi et le mardi<\/p>\n<p class=\"closeon\">OGATA Paris sera ferm\u00e9 pour cong\u00e9s annuels du 3 au 25 ao\u00fbt inclus.<\/p>\n<\/div>\n<div class=\"content_body\">\n<div class=\"col3\">\n<div class=\"col\">\n<h3>Restaurant<\/h3>\n<dl>\n<dt>D\u00e9jeuner<\/dt>\n<dd>\n<p class=\"time\">12h30 \u2013 14h30<\/p>\n<p>\t\t\t\t\t\t\t\t<!--p>(Derni\u00e8re commande \u00e0 13h30)<\/p--><\/dd>\n<dt>D\u00eener<\/dt>\n<dd>\n<p class=\"time\">19h30 \u2013 22h30<\/p>\n<p>\t\t\t\t\t\t\t\t<!--p>(Derni\u00e8re commande \u00e0 20h30)<\/p--><\/dd>\n<\/dl>\n<\/div>\n<div class=\"col\">\n<h3>SAB<span class=\"font_o\">\u014c<\/span><\/h3>\n<dl>\n<dd>\n<p class=\"time\">12h00 \u2013 19h00<\/p>\n<p>\t\t\t\t\t\t\t\t<!--p>(Derni\u00e8re commande \u00e0 18h00)<\/p--><\/dd>\n<\/dl>\n<\/div>\n<div class=\"col\">\n<h3>Bar<\/h3>\n<dl>\n<dd>\n<p class=\"time\">Le bar est temporairement ferm\u00e9<\/p>\n<\/dd>\n<\/dl>\n<\/div>\n<div class=\"col\">\n<h3>Boutique<\/h3>\n<dl>\n<dd>\n<p class=\"time\">12h00 \u2013 19h00<\/p>\n<p>\t\t\t\t\t\t\t\t<!--p>T\u00e9l\u00e9phone : 01 80 97 76 83<\/p--><\/dd>\n<\/dl>\n<\/div>\n<div class=\"col\">\n<h3>Atelier<\/h3>\n<dl>\n<dd>\n<p class=\"time\">12h00 \u2013 19h00<\/p>\n<p>\t\t\t\t\t\t\t\t<!--p>T\u00e9l\u00e9phone : 01 80 97 76 84<\/p--><\/dd>\n<\/dl>\n<\/div>\n<p><!--div class=\"col\">\n\n\n<h3>Galerie<\/h3>\n\n\n\n\n<dl>\n \t\n\n<dd>\n\n\n<p class=\"time\">11h00 \u2013 20h00<\/p>\n\n\n\nT\u00e9l\u00e9phone : 01 80 97 76 85<\/dd>\n\n\n<\/dl>\n\n\n<\/div-->\n<\/div>\n<\/div>\n","protected":false},"excerpt":{"rendered":"<p>16 rue Debelleyme 75003 Paris Horaires d\u2019ouverture : 12h00 \u2013 23h00 Contact : info@ogata.com Acc\u00e8s : M\u00e9tro Filles du Calvaire (ligne 8) M\u00e9tro Saint-Paul (ligne 1) Ferm\u00e9 le lundi et le mardi OGATA Paris sera ferm\u00e9 pour cong\u00e9s annuels du 3 au 25 ao\u00fbt inclus. Restaurant D\u00e9jeuner 12h30 \u2013 14h30 D\u00eener 19h30 \u2013 22h30 SAB\u014c [&hellip;]<\/p>\n","protected":false},"author":1,"featured_media":0,"parent":0,"menu_order":0,"comment_status":"closed","ping_status":"closed","template":"page-information.php","meta":[],"_links":{"self":[{"href":"https:\/\/ogata.com\/paris\/wp-json\/wp\/v2\/pages\/45"}],"collection":[{"href":"https:\/\/ogata.com\/paris\/wp-json\/wp\/v2\/pages"}],"about":[{"href":"https:\/\/ogata.com\/paris\/wp-json\/wp\/v2\/types\/page"}],"author":[{"embeddable":true,"href":"https:\/\/ogata.com\/paris\/wp-json\/wp\/v2\/users\/1"}],"replies":[{"embeddable":true,"href":"https:\/\/ogata.com\/paris\/wp-json\/wp\/v2\/comments?post=45"}],"version-history":[{"count":4,"href":"https:\/\/ogata.com\/paris\/wp-json\/wp\/v2\/pages\/45\/revisions"}],"predecessor-version":[{"id":621,"href":"https:\/\/ogata.com\/paris\/wp-json\/wp\/v2\/pages\/45\/revisions\/621"}],"wp:attachment":[{"href":"https:\/\/ogata.com\/paris\/wp-json\/wp\/v2\/media?parent=45"}],"curies":[{"name":"wp","href":"https:\/\/api.w.org\/{rel}","templated":true}]}}