{"id":77,"date":"2019-06-25T11:34:24","date_gmt":"2019-06-25T02:34:24","guid":{"rendered":"http:\/\/ogata.warpjapan.com\/paris\/?page_id=77"},"modified":"2023-09-04T13:48:27","modified_gmt":"2023-09-04T04:48:27","slug":"contact","status":"publish","type":"page","link":"https:\/\/ogata.com\/paris\/contact\/","title":{"rendered":"Contact"},"content":{"rendered":"<div class=\"form_wrap\">\n<div class=\"press act\"><div role=\"form\" class=\"wpcf7\" id=\"wpcf7-f71-o1\" lang=\"ja\" dir=\"ltr\">\n<div class=\"screen-reader-response\"><\/div>\n<form action=\"\/paris\/wp-json\/wp\/v2\/pages\/77#wpcf7-f71-o1\" method=\"post\" class=\"wpcf7-form\" novalidate=\"novalidate\">\n<div style=\"display: none;\">\n<input type=\"hidden\" name=\"_wpcf7\" value=\"71\" \/>\n<input type=\"hidden\" name=\"_wpcf7_version\" value=\"5.1.6\" \/>\n<input type=\"hidden\" name=\"_wpcf7_locale\" value=\"ja\" \/>\n<input type=\"hidden\" name=\"_wpcf7_unit_tag\" value=\"wpcf7-f71-o1\" \/>\n<input type=\"hidden\" name=\"_wpcf7_container_post\" value=\"0\" \/>\n<\/div>\n<p><label> Nom (obligatoire)<br \/>\n    <span class=\"wpcf7-form-control-wrap your-name\"><input type=\"text\" name=\"your-name\" value=\"\" size=\"40\" class=\"wpcf7-form-control wpcf7-text wpcf7-validates-as-required\" aria-required=\"true\" aria-invalid=\"false\" \/><\/span> <\/label><\/p>\n<p><label> E-mail (obligatoire)<br \/>\n    <span class=\"wpcf7-form-control-wrap your-email\"><input type=\"email\" name=\"your-email\" value=\"\" size=\"40\" class=\"wpcf7-form-control wpcf7-text wpcf7-email wpcf7-validates-as-required wpcf7-validates-as-email\" aria-required=\"true\" aria-invalid=\"false\" \/><\/span> <\/label><\/p>\n<p><label> Message<br \/>\n    <span class=\"wpcf7-form-control-wrap your-message\"><textarea name=\"your-message\" cols=\"40\" rows=\"10\" class=\"wpcf7-form-control wpcf7-textarea\" aria-invalid=\"false\"><\/textarea><\/span> <\/label><\/p>\n<p><input type=\"submit\" value=\"Envoyer\" class=\"wpcf7-form-control wpcf7-submit\" \/><\/p>\n<div class=\"wpcf7-response-output wpcf7-display-none\"><\/div><\/form><\/div><\/div>\n<div class=\"visitor\"><div role=\"form\" class=\"wpcf7\" id=\"wpcf7-f70-o2\" lang=\"ja\" dir=\"ltr\">\n<div class=\"screen-reader-response\"><\/div>\n<form action=\"\/paris\/wp-json\/wp\/v2\/pages\/77#wpcf7-f70-o2\" method=\"post\" class=\"wpcf7-form\" novalidate=\"novalidate\">\n<div style=\"display: none;\">\n<input type=\"hidden\" name=\"_wpcf7\" value=\"70\" \/>\n<input type=\"hidden\" name=\"_wpcf7_version\" value=\"5.1.6\" \/>\n<input type=\"hidden\" name=\"_wpcf7_locale\" value=\"ja\" \/>\n<input type=\"hidden\" name=\"_wpcf7_unit_tag\" value=\"wpcf7-f70-o2\" \/>\n<input type=\"hidden\" name=\"_wpcf7_container_post\" value=\"0\" \/>\n<\/div>\n<p><label> Nom (obligatoire)<br \/>\n    <span class=\"wpcf7-form-control-wrap your-name\"><input type=\"text\" name=\"your-name\" value=\"\" size=\"40\" class=\"wpcf7-form-control wpcf7-text wpcf7-validates-as-required\" aria-required=\"true\" aria-invalid=\"false\" \/><\/span> <\/label><\/p>\n<p><label> E-mail (obligatoire)<br \/>\n    <span class=\"wpcf7-form-control-wrap your-email\"><input type=\"email\" name=\"your-email\" value=\"\" size=\"40\" class=\"wpcf7-form-control wpcf7-text wpcf7-email wpcf7-validates-as-required wpcf7-validates-as-email\" aria-required=\"true\" aria-invalid=\"false\" \/><\/span> <\/label><\/p>\n<p><label> Message<br \/>\n    <span class=\"wpcf7-form-control-wrap your-message\"><textarea name=\"your-message\" cols=\"40\" rows=\"10\" class=\"wpcf7-form-control wpcf7-textarea\" aria-invalid=\"false\"><\/textarea><\/span> <\/label><\/p>\n<p><input type=\"submit\" value=\"Envoyer\" class=\"wpcf7-form-control wpcf7-submit\" \/><\/p>\n<div class=\"wpcf7-response-output wpcf7-display-none\"><\/div><\/form><\/div><\/div>\n<\/div>\n<p style=\"margin-top: 45px;\">Pour toutes questions ou demandes concernant la r\u00e9servation, nous vous invitons \u00e0 contacter <a class=\"link_underline\" href=\"mailto:reservation@ogata.com\">reservation@ogata.com<\/a><br \/>\n+33 (0) 1 80 97 76 80<\/p>\n<p style=\"margin-top: 45px;\">Passionn\u00e9 par OGATA Paris, rejoignez-nous en envoyant votre candidature spontan\u00e9e \u00e0 <a class=\"link_underline\" href=\"mailto:recrutement@ogata.com \">recrutement@ogata.com<\/a><\/p>\n","protected":false},"excerpt":{"rendered":"<p>Pour toutes questions ou demandes concernant la r\u00e9servation, nous vous invitons \u00e0 contacter reservation@ogata.com +33 (0) 1 80 97 76 80 Passionn\u00e9 par OGATA Paris, rejoignez-nous en envoyant votre candidature spontan\u00e9e \u00e0 recrutement@ogata.com<\/p>\n","protected":false},"author":1,"featured_media":0,"parent":0,"menu_order":0,"comment_status":"closed","ping_status":"closed","template":"","meta":[],"_links":{"self":[{"href":"https:\/\/ogata.com\/paris\/wp-json\/wp\/v2\/pages\/77"}],"collection":[{"href":"https:\/\/ogata.com\/paris\/wp-json\/wp\/v2\/pages"}],"about":[{"href":"https:\/\/ogata.com\/paris\/wp-json\/wp\/v2\/types\/page"}],"author":[{"embeddable":true,"href":"https:\/\/ogata.com\/paris\/wp-json\/wp\/v2\/users\/1"}],"replies":[{"embeddable":true,"href":"https:\/\/ogata.com\/paris\/wp-json\/wp\/v2\/comments?post=77"}],"version-history":[{"count":8,"href":"https:\/\/ogata.com\/paris\/wp-json\/wp\/v2\/pages\/77\/revisions"}],"predecessor-version":[{"id":725,"href":"https:\/\/ogata.com\/paris\/wp-json\/wp\/v2\/pages\/77\/revisions\/725"}],"wp:attachment":[{"href":"https:\/\/ogata.com\/paris\/wp-json\/wp\/v2\/media?parent=77"}],"curies":[{"name":"wp","href":"https:\/\/api.w.org\/{rel}","templated":true}]}}